{"id":142,"date":"2021-12-21T04:09:08","date_gmt":"2021-12-21T04:09:08","guid":{"rendered":"https:\/\/afrourramba.org\/\/?page_id=142"},"modified":"2022-02-21T13:30:32","modified_gmt":"2022-02-21T13:30:32","slug":"quiero-donar","status":"publish","type":"page","link":"https:\/\/afrourramba.org\/index.php\/quiero-donar\/","title":{"rendered":"Quiero donar"},"content":{"rendered":"\n<div class=\"wp-block-columns is-layout-flex wp-container-core-columns-is-layout-9d6595d7 wp-block-columns-is-layout-flex\">\n<div class=\"wp-block-column is-layout-flow wp-block-column-is-layout-flow\" style=\"flex-basis:100%\">\n<div class=\"wp-block-columns is-layout-flex wp-container-core-columns-is-layout-9d6595d7 wp-block-columns-is-layout-flex\">\n<div class=\"wp-block-column is-layout-flow wp-block-column-is-layout-flow\" style=\"flex-basis:66.66%\"><\/div>\n\n\n\n<div class=\"wp-block-column is-layout-flow wp-block-column-is-layout-flow\" style=\"flex-basis:33.33%\"><\/div>\n<\/div>\n<\/div>\n<\/div>\n\n\n\n<div class=\"wp-block-cover has-background-dim\"><img fetchpriority=\"high\" decoding=\"async\" width=\"1977\" height=\"1112\" class=\"wp-block-cover__image-background wp-image-216\" alt=\"\" src=\"https:\/\/afrourramba.org\/\/wp-content\/uploads\/2021\/12\/Secuencia-01.00_00_32_03.Imagen-fija019.png\" data-object-fit=\"cover\" srcset=\"https:\/\/afrourramba.org\/wp-content\/uploads\/2021\/12\/Secuencia-01.00_00_32_03.Imagen-fija019.png 1977w, https:\/\/afrourramba.org\/wp-content\/uploads\/2021\/12\/Secuencia-01.00_00_32_03.Imagen-fija019-300x169.png 300w, https:\/\/afrourramba.org\/wp-content\/uploads\/2021\/12\/Secuencia-01.00_00_32_03.Imagen-fija019-1024x576.png 1024w, https:\/\/afrourramba.org\/wp-content\/uploads\/2021\/12\/Secuencia-01.00_00_32_03.Imagen-fija019-768x432.png 768w, https:\/\/afrourramba.org\/wp-content\/uploads\/2021\/12\/Secuencia-01.00_00_32_03.Imagen-fija019-1536x864.png 1536w\" sizes=\"(max-width: 1977px) 100vw, 1977px\" \/><div class=\"wp-block-cover__inner-container is-layout-flow wp-block-cover-is-layout-flow\">\n<p class=\"has-text-align-center has-large-font-size\"><\/p>\n\n\n\n<h1>C\u00f3mo donar: <\/h1>\n<p>Gracias por hacer parte de este prop\u00f3sito: Impulsar los proyectos formulados en procura del mejoramiento de la calidad de vida de las comunidades afrodescendientes. Para realizar una donaci\u00f3n llena el siguiente formulario con tus datos y realiza a trav\u00e9s de cualquiera de nuestras opciones de transferencia tu donaci\u00f3n. Tu aporte tiene gran valor para nuestra comunidad. <\/p>\n<!--a href=\"https:\/\/biz.payulatam.com\/B0ead0c977E7A59\"><img decoding=\"async\" src=\"http:\/\/rotalift.com\/rotalift\/wp-content\/uploads\/2020\/02\/donar-boton.jpg\"><\/a-->\n<!--a href=\"#\"><img decoding=\"async\" src=\"http:\/\/rotalift.com\/rotalift\/wp-content\/uploads\/2020\/02\/donar-boton.jpg\"><\/a-->\n\n\n<div id=\"Formulario\">\n  <span id=\"info\"><\/span>\n\n  <form action=\"\/pasarelas\/payu\/\" method=\"post\" id=\"formularioDonacion\">\n\n    <label for=\"fNombre\">Nombre y apellido:<\/label><br>\n    <input type=\"text\" id=\"fNombre\" name=\"fNombre\"><br>\n   \n    <label for=\"fEmail\">Email:<\/label><br>\n    <input type=\"email\" id=\"fEmail\" name=\"fEmail\" onblur=\"validarEmail(this);myFunction()\"><br>\n\n    <label for=\"fTelefono\">Tel\u00e9fono:<\/label><br>\n    <input type=\"text\" id=\"fTelefono\" name=\"fTelefono\"><br>\n\n    <label for=\"fDireccion\">Direcci\u00f3n:<\/label><br>\n    <input type=\"text\" id=\"fDireccion\" name=\"fDireccion\"><br>\n\n    <label for=\"fMonto\">Monto de la donaci\u00f3n:<\/label><br>\n    <input type=\"text\" id=\"fMonto\" name=\"fMonto\" onkeypress=\"return validaNumericos(event)\"><br>\n\n    <label for=\"fCheckPolitica\">Acepto la pol\u00edtica de protecci\u00f3n de datos personales:<\/label><br>\n    <input type=\"checkbox\" id=\"fCheckPolitica\" onclick=\"myFunction()\"><br><br>\n\n    <input type=\"submit\" value=\"Enviar\" id=\"fBotonEnviar\" disable=\"\">\n\n  <\/form>\n<\/div>\n\n<script>\ndocument.getElementById(\"fBotonEnviar\").disabled = true;\n\nfunction myFunction() {\n\n  if(document.getElementById(\"fCheckPolitica\").checked && document.getElementById(\"formularioDonacion\").getAttribute(\"valido\") == \"true\" ){\n    document.getElementById(\"fBotonEnviar\").disabled = false;\n  }\n\n  if(!document.getElementById(\"fCheckPolitica\").checked ){\n    document.getElementById(\"fBotonEnviar\").disabled = true;\n  }\n\n\n}\n\nfunction validaNumericos(event) {\n    if(event.charCode >= 48 && event.charCode <= 57){\n      document.getElementById(\"formularioDonacion\").setAttribute(\"valido\",\"true\");\n      return true;\n     }\n     document.getElementById(\"formularioDonacion\").setAttribute(\"valido\",\"false\");\n     return false;        \n}\n\nfunction validarEmail(element) {\n   \/\/console.log(\"-->\"+element.value );\n  \n  if (\/^([\\da-z_\\.-]+)@([\\da-z\\.-]+)\\.([a-z\\.]{2,6})$\/.exec(element.value) ){\n    \n    \/\/return true;\n   \/\/ alert('email si valido');\n    element.setAttribute(\"style\",\"background-color:#F7F7F7\");\n\n    document.getElementById(\"info\").textContent = \"\";\n\n    document.getElementById(\"formularioDonacion\").setAttribute(\"valido\",\"true\");\n\n  }else{\n    \/\/alert('email no valido');\n    element.setAttribute(\"style\",\"background-color:#FBD4D4\");\n    \n    document.getElementById(\"info\").textContent = \"debe ingresar un correo v\u00e1lido\";\n    \n    document.getElementById(\"formularioDonacion\").setAttribute(\"valido\",\"false\");\n   } \n \n}\n\n\n<\/script>\n<\/div><\/div>\n","protected":false},"excerpt":{"rendered":"","protected":false},"author":1,"featured_media":0,"parent":0,"menu_order":0,"comment_status":"closed","ping_status":"closed","template":"","meta":{"footnotes":""},"class_list":["post-142","page","type-page","status-publish","hentry"],"rise-blocks_excerpt":"","_links":{"self":[{"href":"https:\/\/afrourramba.org\/index.php\/wp-json\/wp\/v2\/pages\/142","targetHints":{"allow":["GET"]}}],"collection":[{"href":"https:\/\/afrourramba.org\/index.php\/wp-json\/wp\/v2\/pages"}],"about":[{"href":"https:\/\/afrourramba.org\/index.php\/wp-json\/wp\/v2\/types\/page"}],"author":[{"embeddable":true,"href":"https:\/\/afrourramba.org\/index.php\/wp-json\/wp\/v2\/users\/1"}],"replies":[{"embeddable":true,"href":"https:\/\/afrourramba.org\/index.php\/wp-json\/wp\/v2\/comments?post=142"}],"version-history":[{"count":78,"href":"https:\/\/afrourramba.org\/index.php\/wp-json\/wp\/v2\/pages\/142\/revisions"}],"predecessor-version":[{"id":967,"href":"https:\/\/afrourramba.org\/index.php\/wp-json\/wp\/v2\/pages\/142\/revisions\/967"}],"wp:attachment":[{"href":"https:\/\/afrourramba.org\/index.php\/wp-json\/wp\/v2\/media?parent=142"}],"curies":[{"name":"wp","href":"https:\/\/api.w.org\/{rel}","templated":true}]}}