{"id":149,"date":"2021-12-21T04:22:44","date_gmt":"2021-12-21T04:22:44","guid":{"rendered":"https:\/\/afrourramba.org\/\/?page_id=149"},"modified":"2024-04-05T17:37:06","modified_gmt":"2024-04-05T17:37:06","slug":"eventos","status":"publish","type":"page","link":"https:\/\/afrourramba.org\/index.php\/eventos\/","title":{"rendered":"Eventos"},"content":{"rendered":"\t\t<div data-elementor-type=\"wp-page\" data-elementor-id=\"149\" class=\"elementor elementor-149\">\n\t\t\t\t\t\t<section class=\"elementor-section elementor-top-section elementor-element elementor-element-58b2e37a elementor-section-boxed elementor-section-height-default elementor-section-height-default\" data-id=\"58b2e37a\" data-element_type=\"section\" data-e-type=\"section\">\n\t\t\t\t\t\t<div class=\"elementor-container elementor-column-gap-default\">\n\t\t\t\t\t<div class=\"elementor-column elementor-col-100 elementor-top-column elementor-element elementor-element-37cb6b7a\" data-id=\"37cb6b7a\" data-element_type=\"column\" data-e-type=\"column\">\n\t\t\t<div class=\"elementor-widget-wrap elementor-element-populated\">\n\t\t\t\t\t\t<div class=\"elementor-element elementor-element-232d1e8 elementor-widget elementor-widget-text-editor\" data-id=\"232d1e8\" data-element_type=\"widget\" data-e-type=\"widget\" data-widget_type=\"text-editor.default\">\n\t\t\t\t<div class=\"elementor-widget-container\">\n\t\t\t\t\t\t\t\t\t<p><\/p>\n<div id=\"rise-blocks-section-block-instance-12-0d466b43-e736-43d8-9e67-7ca31c1f6372\" class=\"wp-block-rise-blocks-section\">\n<div class=\"rise-blocks-boxed rise-blocks-section-wrapper\">\n<div class=\"rise-blocks-section-inner\">\n<p><\/p>\n<div class=\"wp-block-columns is-layout-flex wp-container-core-columns-is-layout-9d6595d7 wp-block-columns-is-layout-flex\">\n<p><\/p>\n<div class=\"wp-block-column is-layout-flow wp-block-column-is-layout-flow\">\n<p><\/p>\n<section id=\"rise-blocks-heading-block-instance-12-c830fddf-7194-4820-9291-46587f3030c0\">\n<div class=\"rise-blocks-heading-section wp-block-rise-blocks-heading left\">\n<p><strong>31 DE MARZO 2022<\/strong><\/p>\n<\/div>\n<div class=\"rise-blocks-heading-section wp-block-rise-blocks-heading left\">\n<h1 class=\"rise-blocks-title\">Generaci\u00f3n \u00e9tnicas con bienestar<\/h1>\n<p>\u00a0<\/p>\n<div class=\"rise-blocks-sub-description\">A trav\u00e9s del programa Generaciones \u00c9tnicas con Bienestar, el Instituto Colombiano de Bienestar Familiar (ICBF) beneficia a 100 ni\u00f1os y ni\u00f1as de comunidades afro y pertenecientes a grupos ind\u00edgenas que se encuentran en condici\u00f3n de vulnerabilidad, Este programa aporta a la construcci\u00f3n de la paz a trav\u00e9s del arte, la cultura, la participaci\u00f3n y el deporte, desarrollando acciones de prevenci\u00f3n frente a distintas situaciones de riesgo y vulneraci\u00f3n de los derechos de la ni\u00f1ez y la adolescencia. Est\u00e1 dise\u00f1ado para la Promoci\u00f3n y Prevenci\u00f3n para la Protecci\u00f3n integral de ni\u00f1os, ni\u00f1as y adolescentes, que busca la promoci\u00f3n de reconocimiento, as\u00ed como prevenir la amenaza, inobservancia o vulneraci\u00f3n de los derechos de los ni\u00f1os, ni\u00f1as y adolescentes.<\/div>\n<\/div>\n<\/section>\n<p><\/p>\n<\/div>\n<p><\/p>\n<p><\/p>\n<div class=\"wp-block-column is-layout-flow wp-block-column-is-layout-flow\">\n<p><\/p>\n<figure class=\"wp-block-video\"><video src=\"https:\/\/https:\/\/afrourramba.com.co\/cms\/\/cms\/wp-content\/uploads\/2022\/07\/CRISTIAN-NORIEGA-VIDEO.mp4\" controls=\"controls\" width=\"305\" height=\"305\"><\/video><\/figure>\n<p><\/p>\n<\/div>\n<p><\/p>\n<\/div>\n<p><\/p>\n<\/div>\n<\/div>\n<\/div>\n<p><\/p>\n<p><\/p>\n<div id=\"rise-blocks-section-block-instance-13-dd48cf29-aa0e-4fc5-94f0-6e5941228ffe\" class=\"wp-block-rise-blocks-section\">\n<div class=\"rise-blocks-boxed rise-blocks-section-wrapper\">\n<div class=\"rise-blocks-section-inner\">\n<p><\/p>\n<div class=\"wp-block-columns is-layout-flex wp-container-core-columns-is-layout-9d6595d7 wp-block-columns-is-layout-flex\">\n<p><\/p>\n<div class=\"wp-block-column is-layout-flow wp-block-column-is-layout-flow\">\n<p><\/p>\n<section id=\"rise-blocks-heading-block-instance-13-48796712-4099-4194-95ca-d7b21fe7bfa8\">\n<div class=\"rise-blocks-heading-section wp-block-rise-blocks-heading left\">\n<p><span class=\"rise-blocks-sub-title\"><strong>31 DE MARZO 2022<\/strong><\/span><\/p>\n<h1 class=\"rise-blocks-title\">Anuncio importante<\/h1>\n<p>\u00a0<\/p>\n<div class=\"rise-blocks-sub-description\">Se les informa a todos los beneficiarios y comunidad de DIBULLA GUAJIRA y en todo el pa\u00eds colombiano, que tienen conocimiento de la ASOCIACION DE AFRODESCENDIENTES URRAMBA NIT: 900.812.074-4 que hacemos p\u00fablico ante ustedes los anexos y documentos con los cuales radicamos la solicitud de CALIFICACION AL REGIMEN TRIBUTARIO ESPECIAL ante la Direcci\u00f3n de Impuestos DIAN, para el periodo gravable 2.022. Cualquier duda y comentario les ser\u00e1 respondida oportunamente.<br \/><br \/><\/div>\n<\/div>\n<\/section>\n<p><\/p>\n<p><\/p>\n<div class=\"wp-block-buttons is-horizontal is-content-justification-center is-layout-flex wp-container-core-buttons-is-layout-499968f5 wp-block-buttons-is-layout-flex\">\n<p><\/p>\n<div class=\"wp-block-button\"><a class=\"wp-block-button__link wp-element-button\" href=\"https:\/\/drive.google.com\/drive\/folders\/1nHSJbtwmWMCzrNbfz5Flr2i2eKB_78hZ?usp=sharing\" target=\"_blank\" rel=\"noreferrer noopener\">Descargar<\/a><\/div>\n<p><\/p>\n<\/div>\n<p><\/p>\n<\/div>\n<p><\/p>\n<p><\/p>\n<div class=\"wp-block-column is-layout-flow wp-block-column-is-layout-flow\">\n<p><\/p>\n<figure class=\"wp-block-gallery has-nested-images columns-1 is-cropped wp-block-gallery-3 is-layout-flex wp-block-gallery-is-layout-flex\">\n<p>\u00a0<\/p>\n<figure class=\"wp-block-image size-large\"><img fetchpriority=\"high\" decoding=\"async\" width=\"800\" height=\"445\" data-id=\"886\" class=\"wp-image-886\" src=\"https:\/\/https:\/\/afrourramba.com.co\/cms\/\/cms\/wp-content\/uploads\/2022\/04\/Honest-800x445-1.png\" alt=\"\" srcset=\"https:\/\/afrourramba.org\/wp-content\/uploads\/2022\/04\/Honest-800x445-1.png 800w, https:\/\/afrourramba.org\/wp-content\/uploads\/2022\/04\/Honest-800x445-1-300x167.png 300w, https:\/\/afrourramba.org\/wp-content\/uploads\/2022\/04\/Honest-800x445-1-768x427.png 768w\" sizes=\"(max-width: 800px) 100vw, 800px\" \/><\/figure>\n<p><\/p>\n<\/figure>\n<p><\/p>\n<\/div>\n<p><\/p>\n<\/div>\n<p><\/p>\n<\/div>\n<\/div>\n<\/div>\n<p><\/p>\n<p><\/p>\n<div id=\"rise-blocks-section-block-instance-14-9cbc674d-79cd-447c-b70f-6d9666019518\" class=\"wp-block-rise-blocks-section\">\n<div class=\"rise-blocks-boxed rise-blocks-section-wrapper\">\n<div class=\"rise-blocks-section-inner\">\n<p><\/p>\n<div class=\"wp-block-columns is-layout-flex wp-container-core-columns-is-layout-9d6595d7 wp-block-columns-is-layout-flex\">\n<p><\/p>\n<div class=\"wp-block-column is-layout-flow wp-block-column-is-layout-flow\">\n<p><\/p>\n<section id=\"rise-blocks-heading-block-instance-14-e912ad25-e187-4521-b241-60a7c4be1b6f\">\n<div class=\"rise-blocks-heading-section wp-block-rise-blocks-heading left\">\n<p><span class=\"rise-blocks-sub-title\"><strong>2 DE DICIEMBRE 2021<\/strong><\/span><\/p>\n<h1 class=\"rise-blocks-title\">Primer encuentro de comunidades negras<\/h1>\n<p>\u00a0<\/p>\n<div class=\"rise-blocks-sub-description\">El pasado 2 de diciembre de 2021, se llev\u00f3 a cabo en el corregimiento de Las Flores el Primer Encuentro de Comunidades Negras del Municipio de Dibulla, una actividad que tiene por objetivo salvaguardar, visibilizar y promover los derechos sociales, econ\u00f3micos y culturales de las comunidades afrodescendientes de este municipio del sur de La Guajira.<br \/>\u00a0<br \/>La actividad que fue organizada por la Asociaci\u00f3n de Afrodescendientes Urramba \u2013 AFROURRAMBA, cont\u00f3 con la presencia de 9 consejos comunitarios del territorio, quienes participaron de la agenda a trav\u00e9s de presentaciones art\u00edsticas, muestras gastron\u00f3micas, medicina tradicional, juegos tradicionales y charlas sobre la historia del municipio de Dibulla y de las comunidades negras que lo habitan. Igualmente, se cont\u00f3 con la participaci\u00f3n del se\u00f1or alcalde Marlon Amaya Mej\u00eda, quien dirigi\u00e9ndose a las comunidades manifest\u00f3 la necesidad de adelantar los procesos necesarios que contribuyan a garantizar el bienestar de las comunidades del municipio.<br \/>\u00a0<br \/>En el marco de este Primer Encuentro de Comunidades Negras del Municipio de Dibulla, se dio cierre al proyecto <em>Fomento de estrategias de fortalecimiento de las dimensiones familiares y socioculturales, para garantizar la uni\u00f3n en el hogar, la pervivencia de la identidad cultural, el autoconsumo y el desarrollo aut\u00f3nomo de 140 familias afro descendientes, <\/em>una iniciativa operada por la Asociaci\u00f3n de Afrodescendientes Urramba \u2013 AFROURRAMBA que cuenta con la financiaci\u00f3n del Instituto Colombiano de Bienestar Familiar.\u00a0<\/div>\n<\/div>\n<\/section>\n<p><\/p>\n<\/div>\n<p><\/p>\n<p><\/p>\n<div class=\"wp-block-column is-layout-flow wp-block-column-is-layout-flow\">\n<p><\/p>\n<figure class=\"wp-block-gallery has-nested-images columns-2 is-cropped wp-block-gallery-4 is-layout-flex wp-block-gallery-is-layout-flex\">\n<p>\u00a0<\/p>\n<figure class=\"wp-block-image size-large\"><img decoding=\"async\" width=\"1024\" height=\"576\" data-id=\"244\" class=\"wp-image-244\" src=\"https:\/\/https:\/\/afrourramba.com.co\/cms\/\/cms\/wp-content\/uploads\/2021\/12\/Secuencia-01.00_02_21_05.Imagen-fija047-1024x576.png\" alt=\"\" srcset=\"https:\/\/afrourramba.org\/wp-content\/uploads\/2021\/12\/Secuencia-01.00_02_21_05.Imagen-fija047-1024x576.png 1024w, https:\/\/afrourramba.org\/wp-content\/uploads\/2021\/12\/Secuencia-01.00_02_21_05.Imagen-fija047-300x169.png 300w, https:\/\/afrourramba.org\/wp-content\/uploads\/2021\/12\/Secuencia-01.00_02_21_05.Imagen-fija047-768x432.png 768w, https:\/\/afrourramba.org\/wp-content\/uploads\/2021\/12\/Secuencia-01.00_02_21_05.Imagen-fija047-1536x864.png 1536w, https:\/\/afrourramba.org\/wp-content\/uploads\/2021\/12\/Secuencia-01.00_02_21_05.Imagen-fija047.png 1977w\" sizes=\"(max-width: 1024px) 100vw, 1024px\" \/><\/figure>\n<p><\/p>\n<p><\/p>\n<figure class=\"wp-block-image size-large\"><img decoding=\"async\" width=\"1024\" height=\"576\" data-id=\"241\" class=\"wp-image-241\" src=\"https:\/\/https:\/\/afrourramba.com.co\/cms\/\/cms\/wp-content\/uploads\/2021\/12\/Secuencia-01.00_02_03_05.Imagen-fija044-1024x576.png\" alt=\"\" srcset=\"https:\/\/afrourramba.org\/wp-content\/uploads\/2021\/12\/Secuencia-01.00_02_03_05.Imagen-fija044-1024x576.png 1024w, https:\/\/afrourramba.org\/wp-content\/uploads\/2021\/12\/Secuencia-01.00_02_03_05.Imagen-fija044-300x169.png 300w, https:\/\/afrourramba.org\/wp-content\/uploads\/2021\/12\/Secuencia-01.00_02_03_05.Imagen-fija044-768x432.png 768w, https:\/\/afrourramba.org\/wp-content\/uploads\/2021\/12\/Secuencia-01.00_02_03_05.Imagen-fija044-1536x864.png 1536w, https:\/\/afrourramba.org\/wp-content\/uploads\/2021\/12\/Secuencia-01.00_02_03_05.Imagen-fija044.png 1977w\" sizes=\"(max-width: 1024px) 100vw, 1024px\" \/><\/figure>\n<p><\/p>\n<p><\/p>\n<figure class=\"wp-block-image size-large\"><img loading=\"lazy\" decoding=\"async\" width=\"1024\" height=\"576\" data-id=\"239\" class=\"wp-image-239\" src=\"https:\/\/https:\/\/afrourramba.com.co\/cms\/\/cms\/wp-content\/uploads\/2021\/12\/Secuencia-01.00_01_57_09.Imagen-fija042-1024x576.png\" alt=\"\" srcset=\"https:\/\/afrourramba.org\/wp-content\/uploads\/2021\/12\/Secuencia-01.00_01_57_09.Imagen-fija042-1024x576.png 1024w, https:\/\/afrourramba.org\/wp-content\/uploads\/2021\/12\/Secuencia-01.00_01_57_09.Imagen-fija042-300x169.png 300w, https:\/\/afrourramba.org\/wp-content\/uploads\/2021\/12\/Secuencia-01.00_01_57_09.Imagen-fija042-768x432.png 768w, https:\/\/afrourramba.org\/wp-content\/uploads\/2021\/12\/Secuencia-01.00_01_57_09.Imagen-fija042-1536x864.png 1536w, https:\/\/afrourramba.org\/wp-content\/uploads\/2021\/12\/Secuencia-01.00_01_57_09.Imagen-fija042.png 1977w\" sizes=\"(max-width: 1024px) 100vw, 1024px\" \/><\/figure>\n<p><\/p>\n<p><\/p>\n<figure class=\"wp-block-image size-large\"><img loading=\"lazy\" decoding=\"async\" width=\"1024\" height=\"576\" data-id=\"238\" class=\"wp-image-238\" src=\"https:\/\/https:\/\/afrourramba.com.co\/cms\/\/cms\/wp-content\/uploads\/2021\/12\/Secuencia-01.00_01_53_20.Imagen-fija041-1024x576.png\" alt=\"\" srcset=\"https:\/\/afrourramba.org\/wp-content\/uploads\/2021\/12\/Secuencia-01.00_01_53_20.Imagen-fija041-1024x576.png 1024w, https:\/\/afrourramba.org\/wp-content\/uploads\/2021\/12\/Secuencia-01.00_01_53_20.Imagen-fija041-300x169.png 300w, https:\/\/afrourramba.org\/wp-content\/uploads\/2021\/12\/Secuencia-01.00_01_53_20.Imagen-fija041-768x432.png 768w, https:\/\/afrourramba.org\/wp-content\/uploads\/2021\/12\/Secuencia-01.00_01_53_20.Imagen-fija041-1536x864.png 1536w, https:\/\/afrourramba.org\/wp-content\/uploads\/2021\/12\/Secuencia-01.00_01_53_20.Imagen-fija041.png 1977w\" sizes=\"(max-width: 1024px) 100vw, 1024px\" \/><\/figure>\n<p><\/p>\n<p><\/p>\n<figure class=\"wp-block-image size-large\"><img loading=\"lazy\" decoding=\"async\" width=\"1024\" height=\"576\" data-id=\"234\" class=\"wp-image-234\" src=\"https:\/\/https:\/\/afrourramba.com.co\/cms\/\/cms\/wp-content\/uploads\/2021\/12\/Secuencia-01.00_01_38_12.Imagen-fija037-1024x576.png\" alt=\"\" srcset=\"https:\/\/afrourramba.org\/wp-content\/uploads\/2021\/12\/Secuencia-01.00_01_38_12.Imagen-fija037-1024x576.png 1024w, https:\/\/afrourramba.org\/wp-content\/uploads\/2021\/12\/Secuencia-01.00_01_38_12.Imagen-fija037-300x169.png 300w, https:\/\/afrourramba.org\/wp-content\/uploads\/2021\/12\/Secuencia-01.00_01_38_12.Imagen-fija037-768x432.png 768w, https:\/\/afrourramba.org\/wp-content\/uploads\/2021\/12\/Secuencia-01.00_01_38_12.Imagen-fija037-1536x864.png 1536w, https:\/\/afrourramba.org\/wp-content\/uploads\/2021\/12\/Secuencia-01.00_01_38_12.Imagen-fija037.png 1977w\" sizes=\"(max-width: 1024px) 100vw, 1024px\" \/><\/figure>\n<p><\/p>\n<p><\/p>\n<figure class=\"wp-block-image size-large\"><img loading=\"lazy\" decoding=\"async\" width=\"1024\" height=\"576\" data-id=\"236\" class=\"wp-image-236\" src=\"https:\/\/https:\/\/afrourramba.com.co\/cms\/\/cms\/wp-content\/uploads\/2021\/12\/Secuencia-01.00_01_41_01.Imagen-fija039-1024x576.png\" alt=\"\" srcset=\"https:\/\/afrourramba.org\/wp-content\/uploads\/2021\/12\/Secuencia-01.00_01_41_01.Imagen-fija039-1024x576.png 1024w, https:\/\/afrourramba.org\/wp-content\/uploads\/2021\/12\/Secuencia-01.00_01_41_01.Imagen-fija039-300x169.png 300w, https:\/\/afrourramba.org\/wp-content\/uploads\/2021\/12\/Secuencia-01.00_01_41_01.Imagen-fija039-768x432.png 768w, https:\/\/afrourramba.org\/wp-content\/uploads\/2021\/12\/Secuencia-01.00_01_41_01.Imagen-fija039-1536x864.png 1536w, https:\/\/afrourramba.org\/wp-content\/uploads\/2021\/12\/Secuencia-01.00_01_41_01.Imagen-fija039.png 1977w\" sizes=\"(max-width: 1024px) 100vw, 1024px\" \/><\/figure>\n<p><\/p>\n<p><\/p>\n<figure class=\"wp-block-image size-large\"><img loading=\"lazy\" decoding=\"async\" width=\"1024\" height=\"576\" data-id=\"227\" class=\"wp-image-227\" src=\"https:\/\/https:\/\/afrourramba.com.co\/cms\/\/cms\/wp-content\/uploads\/2021\/12\/Secuencia-01.00_01_05_03.Imagen-fija030-1024x576.png\" alt=\"\" srcset=\"https:\/\/afrourramba.org\/wp-content\/uploads\/2021\/12\/Secuencia-01.00_01_05_03.Imagen-fija030-1024x576.png 1024w, https:\/\/afrourramba.org\/wp-content\/uploads\/2021\/12\/Secuencia-01.00_01_05_03.Imagen-fija030-300x169.png 300w, https:\/\/afrourramba.org\/wp-content\/uploads\/2021\/12\/Secuencia-01.00_01_05_03.Imagen-fija030-768x432.png 768w, https:\/\/afrourramba.org\/wp-content\/uploads\/2021\/12\/Secuencia-01.00_01_05_03.Imagen-fija030-1536x864.png 1536w, https:\/\/afrourramba.org\/wp-content\/uploads\/2021\/12\/Secuencia-01.00_01_05_03.Imagen-fija030.png 1977w\" sizes=\"(max-width: 1024px) 100vw, 1024px\" \/><\/figure>\n<p><\/p>\n<p><\/p>\n<figure class=\"wp-block-image size-large\"><img loading=\"lazy\" decoding=\"async\" width=\"1024\" height=\"576\" data-id=\"223\" class=\"wp-image-223\" src=\"https:\/\/https:\/\/afrourramba.com.co\/cms\/\/cms\/wp-content\/uploads\/2021\/12\/Secuencia-01.00_00_54_06.Imagen-fija026-1024x576.png\" alt=\"\" srcset=\"https:\/\/afrourramba.org\/wp-content\/uploads\/2021\/12\/Secuencia-01.00_00_54_06.Imagen-fija026-1024x576.png 1024w, https:\/\/afrourramba.org\/wp-content\/uploads\/2021\/12\/Secuencia-01.00_00_54_06.Imagen-fija026-300x169.png 300w, https:\/\/afrourramba.org\/wp-content\/uploads\/2021\/12\/Secuencia-01.00_00_54_06.Imagen-fija026-768x432.png 768w, https:\/\/afrourramba.org\/wp-content\/uploads\/2021\/12\/Secuencia-01.00_00_54_06.Imagen-fija026-1536x864.png 1536w, https:\/\/afrourramba.org\/wp-content\/uploads\/2021\/12\/Secuencia-01.00_00_54_06.Imagen-fija026.png 1977w\" sizes=\"(max-width: 1024px) 100vw, 1024px\" \/><\/figure>\n<p><\/p>\n<p><\/p>\n<figure class=\"wp-block-image size-large\"><img loading=\"lazy\" decoding=\"async\" width=\"1024\" height=\"576\" data-id=\"198\" class=\"wp-image-198\" src=\"https:\/\/https:\/\/afrourramba.com.co\/cms\/\/cms\/wp-content\/uploads\/2021\/12\/Secuencia-01.00_00_00_20.Imagen-fija001-1024x576.png\" alt=\"\" srcset=\"https:\/\/afrourramba.org\/wp-content\/uploads\/2021\/12\/Secuencia-01.00_00_00_20.Imagen-fija001-1024x576.png 1024w, https:\/\/afrourramba.org\/wp-content\/uploads\/2021\/12\/Secuencia-01.00_00_00_20.Imagen-fija001-300x169.png 300w, https:\/\/afrourramba.org\/wp-content\/uploads\/2021\/12\/Secuencia-01.00_00_00_20.Imagen-fija001-768x432.png 768w, https:\/\/afrourramba.org\/wp-content\/uploads\/2021\/12\/Secuencia-01.00_00_00_20.Imagen-fija001-1536x864.png 1536w, https:\/\/afrourramba.org\/wp-content\/uploads\/2021\/12\/Secuencia-01.00_00_00_20.Imagen-fija001.png 1977w\" sizes=\"(max-width: 1024px) 100vw, 1024px\" \/><\/figure>\n<p><\/p>\n<p><\/p>\n<figure class=\"wp-block-image size-large\"><img loading=\"lazy\" decoding=\"async\" width=\"1024\" height=\"576\" data-id=\"190\" class=\"wp-image-190\" src=\"https:\/\/https:\/\/afrourramba.com.co\/cms\/\/cms\/wp-content\/uploads\/2021\/12\/IMG_8711-1024x576.png\" alt=\"\" srcset=\"https:\/\/afrourramba.org\/wp-content\/uploads\/2021\/12\/IMG_8711-1024x576.png 1024w, https:\/\/afrourramba.org\/wp-content\/uploads\/2021\/12\/IMG_8711-300x169.png 300w, https:\/\/afrourramba.org\/wp-content\/uploads\/2021\/12\/IMG_8711-768x432.png 768w, https:\/\/afrourramba.org\/wp-content\/uploads\/2021\/12\/IMG_8711-1536x864.png 1536w, https:\/\/afrourramba.org\/wp-content\/uploads\/2021\/12\/IMG_8711.png 1977w\" sizes=\"(max-width: 1024px) 100vw, 1024px\" \/><\/figure>\n<p><\/p>\n<p><\/p>\n<figure class=\"wp-block-image size-large\"><img loading=\"lazy\" decoding=\"async\" width=\"1024\" height=\"576\" data-id=\"201\" class=\"wp-image-201\" src=\"https:\/\/https:\/\/afrourramba.com.co\/cms\/\/cms\/wp-content\/uploads\/2021\/12\/Secuencia-01.00_00_04_10.Imagen-fija004-1024x576.png\" alt=\"\" srcset=\"https:\/\/afrourramba.org\/wp-content\/uploads\/2021\/12\/Secuencia-01.00_00_04_10.Imagen-fija004-1024x576.png 1024w, https:\/\/afrourramba.org\/wp-content\/uploads\/2021\/12\/Secuencia-01.00_00_04_10.Imagen-fija004-300x169.png 300w, https:\/\/afrourramba.org\/wp-content\/uploads\/2021\/12\/Secuencia-01.00_00_04_10.Imagen-fija004-768x432.png 768w, https:\/\/afrourramba.org\/wp-content\/uploads\/2021\/12\/Secuencia-01.00_00_04_10.Imagen-fija004-1536x864.png 1536w, https:\/\/afrourramba.org\/wp-content\/uploads\/2021\/12\/Secuencia-01.00_00_04_10.Imagen-fija004.png 1977w\" sizes=\"(max-width: 1024px) 100vw, 1024px\" \/><\/figure>\n<p><\/p>\n<p><\/p>\n<figure class=\"wp-block-image size-large\"><img loading=\"lazy\" decoding=\"async\" width=\"1024\" height=\"576\" data-id=\"200\" class=\"wp-image-200\" src=\"https:\/\/https:\/\/afrourramba.com.co\/cms\/\/cms\/wp-content\/uploads\/2021\/12\/Secuencia-01.00_00_03_02.Imagen-fija003-1024x576.png\" alt=\"\" srcset=\"https:\/\/afrourramba.org\/wp-content\/uploads\/2021\/12\/Secuencia-01.00_00_03_02.Imagen-fija003-1024x576.png 1024w, https:\/\/afrourramba.org\/wp-content\/uploads\/2021\/12\/Secuencia-01.00_00_03_02.Imagen-fija003-300x169.png 300w, https:\/\/afrourramba.org\/wp-content\/uploads\/2021\/12\/Secuencia-01.00_00_03_02.Imagen-fija003-768x432.png 768w, https:\/\/afrourramba.org\/wp-content\/uploads\/2021\/12\/Secuencia-01.00_00_03_02.Imagen-fija003-1536x864.png 1536w, https:\/\/afrourramba.org\/wp-content\/uploads\/2021\/12\/Secuencia-01.00_00_03_02.Imagen-fija003.png 1977w\" sizes=\"(max-width: 1024px) 100vw, 1024px\" \/><\/figure>\n<p><\/p>\n<p><\/p>\n<figure class=\"wp-block-image size-large\"><img loading=\"lazy\" decoding=\"async\" width=\"1024\" height=\"576\" data-id=\"221\" class=\"wp-image-221\" src=\"https:\/\/https:\/\/afrourramba.com.co\/cms\/\/cms\/wp-content\/uploads\/2021\/12\/Secuencia-01.00_00_50_08.Imagen-fija024-1024x576.png\" alt=\"\" srcset=\"https:\/\/afrourramba.org\/wp-content\/uploads\/2021\/12\/Secuencia-01.00_00_50_08.Imagen-fija024-1024x576.png 1024w, https:\/\/afrourramba.org\/wp-content\/uploads\/2021\/12\/Secuencia-01.00_00_50_08.Imagen-fija024-300x169.png 300w, https:\/\/afrourramba.org\/wp-content\/uploads\/2021\/12\/Secuencia-01.00_00_50_08.Imagen-fija024-768x432.png 768w, https:\/\/afrourramba.org\/wp-content\/uploads\/2021\/12\/Secuencia-01.00_00_50_08.Imagen-fija024-1536x864.png 1536w, https:\/\/afrourramba.org\/wp-content\/uploads\/2021\/12\/Secuencia-01.00_00_50_08.Imagen-fija024.png 1977w\" sizes=\"(max-width: 1024px) 100vw, 1024px\" \/><\/figure>\n<p><\/p>\n<p><\/p>\n<figure class=\"wp-block-image size-large\"><img loading=\"lazy\" decoding=\"async\" width=\"1024\" height=\"576\" data-id=\"217\" class=\"wp-image-217\" src=\"https:\/\/https:\/\/afrourramba.com.co\/cms\/\/cms\/wp-content\/uploads\/2021\/12\/Secuencia-01.00_00_34_01.Imagen-fija020-1024x576.png\" alt=\"\" srcset=\"https:\/\/afrourramba.org\/wp-content\/uploads\/2021\/12\/Secuencia-01.00_00_34_01.Imagen-fija020-1024x576.png 1024w, https:\/\/afrourramba.org\/wp-content\/uploads\/2021\/12\/Secuencia-01.00_00_34_01.Imagen-fija020-300x169.png 300w, https:\/\/afrourramba.org\/wp-content\/uploads\/2021\/12\/Secuencia-01.00_00_34_01.Imagen-fija020-768x432.png 768w, https:\/\/afrourramba.org\/wp-content\/uploads\/2021\/12\/Secuencia-01.00_00_34_01.Imagen-fija020-1536x864.png 1536w, https:\/\/afrourramba.org\/wp-content\/uploads\/2021\/12\/Secuencia-01.00_00_34_01.Imagen-fija020.png 1977w\" sizes=\"(max-width: 1024px) 100vw, 1024px\" \/><\/figure>\n<p><\/p>\n<\/figure>\n<p><\/p>\n<\/div>\n<p><\/p>\n<\/div>\n<p><\/p>\n<\/div>\n<\/div>\n<\/div>\n<p><\/p>\t\t\t\t\t\t\t\t<\/div>\n\t\t\t\t<\/div>\n\t\t\t\t\t<\/div>\n\t\t<\/div>\n\t\t\t\t\t<\/div>\n\t\t<\/section>\n\t\t\t\t<section class=\"elementor-section elementor-top-section elementor-element elementor-element-fa7f3a9 elementor-section-boxed elementor-section-height-default elementor-section-height-default\" data-id=\"fa7f3a9\" data-element_type=\"section\" data-e-type=\"section\">\n\t\t\t\t\t\t<div class=\"elementor-container elementor-column-gap-default\">\n\t\t\t\t\t<div class=\"elementor-column elementor-col-50 elementor-top-column elementor-element elementor-element-04d293c\" data-id=\"04d293c\" data-element_type=\"column\" data-e-type=\"column\">\n\t\t\t<div class=\"elementor-widget-wrap elementor-element-populated\">\n\t\t\t\t\t\t<div class=\"elementor-element elementor-element-674f749 elementor-widget elementor-widget-text-editor\" data-id=\"674f749\" data-element_type=\"widget\" data-e-type=\"widget\" data-widget_type=\"text-editor.default\">\n\t\t\t\t<div class=\"elementor-widget-container\">\n\t\t\t\t\t\t\t\t\t<h1>Primer encuentro de sabedores por la Paz<\/h1>\n<div>\n<p>El pasado 21 de mayo d\u00eda de la Afrocolombianidad de 2023, en el corregimiento de Las Flores, municipio de Dibulla, la Asociaci\u00f3n de Afrodescendientes URRAMBA, celebro el primer encuentro de sabedores por la paz, en el marco del proyecto Territorios \u00c9tnicos con Bienestar<\/p>\n<p>Este primer encuentro que cuenta con el apoyo del ICBF y la fundaci\u00f3n MALEUA como parte de las acciones de la estrategia\u00a0 de incidencia creada por la Red de Voces de la Verdad, el di\u00e1logo intergeneracional y las reflexiones entorno a las gobernanzas del territorio y la tradici\u00f3n de los saberes comunitarios a las nuevas generaciones fueron los protagonista de esta nueva juntanza, la poblaci\u00f3n Afro del territorio y las autoridades negra en cuatro consejo comunitario del municipio, otras organizaciones miembro de la Red y la Universidad Nacional sede La Paz Cesar, participaron activamente de la jornada.<\/p>\n<\/div>\n<p>\u00a0<\/p>\t\t\t\t\t\t\t\t<\/div>\n\t\t\t\t<\/div>\n\t\t\t\t\t<\/div>\n\t\t<\/div>\n\t\t\t\t<div class=\"elementor-column elementor-col-50 elementor-top-column elementor-element elementor-element-57af081\" data-id=\"57af081\" data-element_type=\"column\" data-e-type=\"column\">\n\t\t\t<div class=\"elementor-widget-wrap elementor-element-populated\">\n\t\t\t\t\t\t<div class=\"elementor-element elementor-element-93eb40d elementor-widget elementor-widget-video\" data-id=\"93eb40d\" data-element_type=\"widget\" data-e-type=\"widget\" data-settings=\"{&quot;video_type&quot;:&quot;hosted&quot;,&quot;controls&quot;:&quot;yes&quot;}\" data-widget_type=\"video.default\">\n\t\t\t\t<div class=\"elementor-widget-container\">\n\t\t\t\t\t\t\t<div class=\"e-hosted-video elementor-wrapper elementor-open-inline\">\n\t\t\t\t\t<video class=\"elementor-video\" src=\"https:\/\/https:\/\/afrourramba.com.co\/cms\/\/cms\/wp-content\/uploads\/2024\/04\/Encuentro-Red-de-Voces-Dibulla-Marinella.mp4\" controls=\"\" preload=\"metadata\" controlsList=\"nodownload\"><\/video>\n\t\t\t\t<\/div>\n\t\t\t\t\t\t<\/div>\n\t\t\t\t<\/div>\n\t\t\t\t\t<\/div>\n\t\t<\/div>\n\t\t\t\t\t<\/div>\n\t\t<\/section>\n\t\t\t\t<\/div>\n\t\t","protected":false},"excerpt":{"rendered":"<p>Hacemos p\u00fablico ante ustedes los anexos y documentos con los cuales radicamos la solicitud de CALIFICACION AL REGIMEN TRIBUTARIO ESPECIAL ante la Direcci\u00f3n de Impuestos DIAN, para el periodo gravable 2.022. <\/p>\n","protected":false},"author":1,"featured_media":234,"parent":0,"menu_order":0,"comment_status":"closed","ping_status":"closed","template":"","meta":{"footnotes":""},"class_list":["post-149","page","type-page","status-publish","has-post-thumbnail","hentry"],"rise-blocks_excerpt":"Hacemos p\u00fablico ante ustedes los anexos y documentos con los cuales radicamos la solicitud de CALIFICACION AL REGIMEN TRIBUTARIO ESPECIAL ante la Direcci\u00f3n de Impuestos DIAN, para el periodo gravable 2.022. ","_links":{"self":[{"href":"https:\/\/afrourramba.org\/index.php\/wp-json\/wp\/v2\/pages\/149","targetHints":{"allow":["GET"]}}],"collection":[{"href":"https:\/\/afrourramba.org\/index.php\/wp-json\/wp\/v2\/pages"}],"about":[{"href":"https:\/\/afrourramba.org\/index.php\/wp-json\/wp\/v2\/types\/page"}],"author":[{"embeddable":true,"href":"https:\/\/afrourramba.org\/index.php\/wp-json\/wp\/v2\/users\/1"}],"replies":[{"embeddable":true,"href":"https:\/\/afrourramba.org\/index.php\/wp-json\/wp\/v2\/comments?post=149"}],"version-history":[{"count":60,"href":"https:\/\/afrourramba.org\/index.php\/wp-json\/wp\/v2\/pages\/149\/revisions"}],"predecessor-version":[{"id":953,"href":"https:\/\/afrourramba.org\/index.php\/wp-json\/wp\/v2\/pages\/149\/revisions\/953"}],"wp:featuredmedia":[{"embeddable":true,"href":"https:\/\/afrourramba.org\/index.php\/wp-json\/wp\/v2\/media\/234"}],"wp:attachment":[{"href":"https:\/\/afrourramba.org\/index.php\/wp-json\/wp\/v2\/media?parent=149"}],"curies":[{"name":"wp","href":"https:\/\/api.w.org\/{rel}","templated":true}]}}