{"id":336,"date":"2022-01-16T16:28:05","date_gmt":"2022-01-16T16:28:05","guid":{"rendered":"https:\/\/afrourramba.org\/\/?page_id=336"},"modified":"2022-01-16T16:40:18","modified_gmt":"2022-01-16T16:40:18","slug":"fortalecimiento","status":"publish","type":"page","link":"https:\/\/afrourramba.org\/index.php\/fortalecimiento\/","title":{"rendered":"Fortalecimiento"},"content":{"rendered":"\n<div id=\"rise-blocks-section-block-instance-0-75726fd-167d-d821-7173-a6df4e2075\" class=\"wp-block-rise-blocks-section\"><div class=\"rise-blocks-boxed rise-blocks-section-wrapper\"><div class=\"rise-blocks-section-inner\">\n<div class=\"wp-block-columns is-layout-flex wp-container-core-columns-is-layout-9d6595d7 wp-block-columns-is-layout-flex\">\n<div class=\"wp-block-column is-layout-flow wp-block-column-is-layout-flow\">\n<section id=\"rise-blocks-heading-block-instance-0-bdcec4d-f341-18c5-d3d5-cfa08326bc1\"><div class=\"rise-blocks-heading-section wp-block-rise-blocks-heading left\"><span class=\"rise-blocks-sub-title\">FORTALECIMIENTO<\/span><h1 class=\"rise-blocks-title\">FORTALECIMIENTO DE NUESTRA CULTURA AFRO<\/h1><span class=\"rise-blocks-line\"><\/span><div class=\"rise-blocks-sub-description\">Las comunidades negras del municipio de Dibulla a trav\u00e9s de los a\u00f1os se han visto afectadas por fen\u00f3menos como el desplazamiento, la desaparici\u00f3n de l\u00edderes sociales, el despojo de tierras, la pobreza, falta de acceso o acceso deficiente a servicios p\u00fablicos, entre otros factores que impiden que el bienestar y desarrollo de los pobladores de esta zona de La Guajira se vea garantizado. La Asociaci\u00f3n de Afrodescendientes Urramba \u2013 AFROURRAMBA, consciente de esta situaci\u00f3n ha venido implementando acciones y proyectos de car\u00e1cter inclusivo, priorizando la familia como n\u00facleo de acci\u00f3n, brindado apoyo desde lo psicosocial hasta aspectos comunitarios como el gobierno propio y el autoconsumo.<br>\u00a0<br>En este proceso, se ha identificado una oportunidad alrededor de la vida cultural del territorio, en la que se han identificado activos y pr\u00e1cticas culturales sobre las cuales se sustenta el tejido social de las comunidades. Actividades como la pesca, la agricultura, la preparaci\u00f3n de comidas tradicionales, los juegos tradicionales, los grupos art\u00edsticos juveniles y las fiestas y festejos, fomentan la interacci\u00f3n social fortaleciendo aspectos como el auto reconocimiento y el sentido de pertenencia hacia el territorio.<br>\u00a0<br>Mediante la dimensi\u00f3n cultural del trabajo de la Asociaci\u00f3n de Afrodescendientes Urramba \u2013 AFROURRAMBA, se pretende aportar al fomento de las pr\u00e1cticas art\u00edsticas, al reconocimiento, al fortalecimiento del tejido social y a la sostenibilidad de las comunidades negras del municipio de Dibulla.\u00a0<br><\/div><\/div><\/section>\n<\/div>\n\n\n\n<div class=\"wp-block-column is-layout-flow wp-block-column-is-layout-flow\">\n<figure class=\"wp-block-gallery columns-1 is-cropped wp-block-gallery-1 is-layout-flex wp-block-gallery-is-layout-flex\"><ul class=\"blocks-gallery-grid\"><li class=\"blocks-gallery-item\"><figure><img fetchpriority=\"high\" decoding=\"async\" width=\"1024\" height=\"576\" src=\"https:\/\/afrourramba.org\/\/wp-content\/uploads\/2021\/12\/Secuencia-01.00_01_05_03.Imagen-fija030-1024x576.png\" alt=\"\" data-id=\"227\" data-full-url=\"https:\/\/afrourramba.org\/\/wp-content\/uploads\/2021\/12\/Secuencia-01.00_01_05_03.Imagen-fija030.png\" data-link=\"https:\/\/afrourramba.org\/\/secuencia-01-00_01_05_03-imagen-fija030\/\" class=\"wp-image-227\" srcset=\"https:\/\/afrourramba.org\/wp-content\/uploads\/2021\/12\/Secuencia-01.00_01_05_03.Imagen-fija030-1024x576.png 1024w, https:\/\/afrourramba.org\/wp-content\/uploads\/2021\/12\/Secuencia-01.00_01_05_03.Imagen-fija030-300x169.png 300w, https:\/\/afrourramba.org\/wp-content\/uploads\/2021\/12\/Secuencia-01.00_01_05_03.Imagen-fija030-768x432.png 768w, https:\/\/afrourramba.org\/wp-content\/uploads\/2021\/12\/Secuencia-01.00_01_05_03.Imagen-fija030-1536x864.png 1536w, https:\/\/afrourramba.org\/wp-content\/uploads\/2021\/12\/Secuencia-01.00_01_05_03.Imagen-fija030.png 1977w\" sizes=\"(max-width: 1024px) 100vw, 1024px\" \/><\/figure><\/li><li class=\"blocks-gallery-item\"><figure><img decoding=\"async\" width=\"1024\" height=\"576\" src=\"https:\/\/afrourramba.org\/\/wp-content\/uploads\/2021\/12\/Secuencia-01.00_01_29_03.Imagen-fija036-1024x576.png\" alt=\"\" data-id=\"233\" data-full-url=\"https:\/\/afrourramba.org\/\/wp-content\/uploads\/2021\/12\/Secuencia-01.00_01_29_03.Imagen-fija036.png\" data-link=\"https:\/\/afrourramba.org\/\/secuencia-01-00_01_29_03-imagen-fija036\/\" class=\"wp-image-233\" srcset=\"https:\/\/afrourramba.org\/wp-content\/uploads\/2021\/12\/Secuencia-01.00_01_29_03.Imagen-fija036-1024x576.png 1024w, https:\/\/afrourramba.org\/wp-content\/uploads\/2021\/12\/Secuencia-01.00_01_29_03.Imagen-fija036-300x169.png 300w, https:\/\/afrourramba.org\/wp-content\/uploads\/2021\/12\/Secuencia-01.00_01_29_03.Imagen-fija036-768x432.png 768w, https:\/\/afrourramba.org\/wp-content\/uploads\/2021\/12\/Secuencia-01.00_01_29_03.Imagen-fija036-1536x864.png 1536w, https:\/\/afrourramba.org\/wp-content\/uploads\/2021\/12\/Secuencia-01.00_01_29_03.Imagen-fija036.png 1977w\" sizes=\"(max-width: 1024px) 100vw, 1024px\" \/><\/figure><\/li><li class=\"blocks-gallery-item\"><figure><img decoding=\"async\" width=\"1024\" height=\"576\" src=\"https:\/\/afrourramba.org\/\/wp-content\/uploads\/2021\/12\/IMG_8607-1024x576.png\" alt=\"\" data-id=\"163\" data-full-url=\"https:\/\/afrourramba.org\/\/wp-content\/uploads\/2021\/12\/IMG_8607.png\" data-link=\"https:\/\/afrourramba.org\/\/img_8607\/\" class=\"wp-image-163\" srcset=\"https:\/\/afrourramba.org\/wp-content\/uploads\/2021\/12\/IMG_8607-1024x576.png 1024w, https:\/\/afrourramba.org\/wp-content\/uploads\/2021\/12\/IMG_8607-300x169.png 300w, https:\/\/afrourramba.org\/wp-content\/uploads\/2021\/12\/IMG_8607-768x432.png 768w, https:\/\/afrourramba.org\/wp-content\/uploads\/2021\/12\/IMG_8607-1536x864.png 1536w, https:\/\/afrourramba.org\/wp-content\/uploads\/2021\/12\/IMG_8607.png 1977w\" sizes=\"(max-width: 1024px) 100vw, 1024px\" \/><\/figure><\/li><li class=\"blocks-gallery-item\"><figure><img loading=\"lazy\" decoding=\"async\" width=\"1024\" height=\"576\" src=\"https:\/\/afrourramba.org\/\/wp-content\/uploads\/2021\/12\/IMG_8627-1024x576.png\" alt=\"\" data-id=\"167\" data-full-url=\"https:\/\/afrourramba.org\/\/wp-content\/uploads\/2021\/12\/IMG_8627.png\" data-link=\"https:\/\/afrourramba.org\/\/img_8627\/\" class=\"wp-image-167\" srcset=\"https:\/\/afrourramba.org\/wp-content\/uploads\/2021\/12\/IMG_8627-1024x576.png 1024w, https:\/\/afrourramba.org\/wp-content\/uploads\/2021\/12\/IMG_8627-300x169.png 300w, https:\/\/afrourramba.org\/wp-content\/uploads\/2021\/12\/IMG_8627-768x432.png 768w, https:\/\/afrourramba.org\/wp-content\/uploads\/2021\/12\/IMG_8627-1536x864.png 1536w, https:\/\/afrourramba.org\/wp-content\/uploads\/2021\/12\/IMG_8627.png 1977w\" sizes=\"(max-width: 1024px) 100vw, 1024px\" \/><\/figure><\/li><\/ul><\/figure>\n<\/div>\n<\/div>\n<\/div><\/div><\/div>\n","protected":false},"excerpt":{"rendered":"<p>AFROURRAMBA, aporta al fomento de las pr\u00e1cticas art\u00edsticas, al reconocimiento, al fortalecimiento del tejido social y a la sostenibilidad de las comunidades negras del municipio de Dibulla.\u00a0<\/p>\n","protected":false},"author":1,"featured_media":210,"parent":0,"menu_order":0,"comment_status":"closed","ping_status":"closed","template":"","meta":{"footnotes":""},"class_list":["post-336","page","type-page","status-publish","has-post-thumbnail","hentry"],"rise-blocks_excerpt":"AFROURRAMBA, aporta al fomento de las pr\u00e1cticas art\u00edsticas, al reconocimiento, al fortalecimiento del tejido social y a la sostenibilidad de las comunidades negras del municipio de Dibulla.\u00a0","_links":{"self":[{"href":"https:\/\/afrourramba.org\/index.php\/wp-json\/wp\/v2\/pages\/336","targetHints":{"allow":["GET"]}}],"collection":[{"href":"https:\/\/afrourramba.org\/index.php\/wp-json\/wp\/v2\/pages"}],"about":[{"href":"https:\/\/afrourramba.org\/index.php\/wp-json\/wp\/v2\/types\/page"}],"author":[{"embeddable":true,"href":"https:\/\/afrourramba.org\/index.php\/wp-json\/wp\/v2\/users\/1"}],"replies":[{"embeddable":true,"href":"https:\/\/afrourramba.org\/index.php\/wp-json\/wp\/v2\/comments?post=336"}],"version-history":[{"count":5,"href":"https:\/\/afrourramba.org\/index.php\/wp-json\/wp\/v2\/pages\/336\/revisions"}],"predecessor-version":[{"id":912,"href":"https:\/\/afrourramba.org\/index.php\/wp-json\/wp\/v2\/pages\/336\/revisions\/912"}],"wp:featuredmedia":[{"embeddable":true,"href":"https:\/\/afrourramba.org\/index.php\/wp-json\/wp\/v2\/media\/210"}],"wp:attachment":[{"href":"https:\/\/afrourramba.org\/index.php\/wp-json\/wp\/v2\/media?parent=336"}],"curies":[{"name":"wp","href":"https:\/\/api.w.org\/{rel}","templated":true}]}}