{"id":353,"date":"2022-01-16T19:22:08","date_gmt":"2022-01-16T19:22:08","guid":{"rendered":"https:\/\/afrourramba.org\/\/?page_id=353"},"modified":"2022-01-16T19:22:08","modified_gmt":"2022-01-16T19:22:08","slug":"recursos","status":"publish","type":"page","link":"https:\/\/afrourramba.org\/index.php\/recursos\/","title":{"rendered":"Recursos"},"content":{"rendered":"\n<div id=\"rise-blocks-section-block-instance-0-0e638cd-cf1c-2307-55dc-eae0e50d0e16\" class=\"wp-block-rise-blocks-section\"><div class=\"rise-blocks-boxed rise-blocks-section-wrapper\"><div class=\"rise-blocks-section-inner\">\n<div class=\"wp-block-columns is-layout-flex wp-container-core-columns-is-layout-9d6595d7 wp-block-columns-is-layout-flex\">\n<div class=\"wp-block-column is-layout-flow wp-block-column-is-layout-flow\">\n<section id=\"rise-blocks-heading-block-instance-0-86f1af-730a-c5ff-442-47452abed756\"><div class=\"rise-blocks-heading-section wp-block-rise-blocks-heading left\"><span class=\"rise-blocks-sub-title\">DESTINO DE LOS RECURSOS<\/span><h1 class=\"rise-blocks-title\">Destino de las donaciones y recursos<\/h1><span class=\"rise-blocks-line\"><\/span><div class=\"rise-blocks-sub-description\">Las donaciones nos ayudan a cumplir los objetivos trazados de la asociaci\u00f3n, sin embargo, esto no siempre es posible. A veces los requerimientos de los proyectos sobrepasan los costes estimados en un principio y es indispensable recurrir a las donaciones. Las necesidades son las que exigen nuevos esfuerzos en ese sentido.<br><br>Una donaci\u00f3n es un aporte, generalmente particular, que busca dar impulso a iniciativas de cualquier tipo. Quienes la realizan entienden la importancia de las labores que se prestan y por eso deciden donar dinero. Entre las razones m\u00e1s significativas para realizar este tipo de acciones est\u00e1 el compromiso social.\u00a0<br><br>Afrourramba es una entidad no solo a nivel regional en el Departamento de La Guajira, actualmente la asociaci\u00f3n se encuentra constituida a nivel nacional e internacional, dedicada a la atenci\u00f3n de la comunidad Afro.<br><br>Todos los recursos que llegan a esta asociaci\u00f3n Afrourramba, se destinan a la ejecuci\u00f3n de proyectos para fortalecer a la comunidad Afro, a trav\u00e9s de los consejos comunitarios, organizaciones bases y agremiaciones que apoyan a la poblaci\u00f3n negra, raizal y palenquera.<br><\/div><\/div><\/section>\n<\/div>\n\n\n\n<div class=\"wp-block-column is-layout-flow wp-block-column-is-layout-flow\">\n<figure class=\"wp-block-gallery columns-2 is-cropped wp-block-gallery-1 is-layout-flex wp-block-gallery-is-layout-flex\"><ul class=\"blocks-gallery-grid\"><li class=\"blocks-gallery-item\"><figure><img fetchpriority=\"high\" decoding=\"async\" width=\"1024\" height=\"576\" src=\"https:\/\/afrourramba.org\/\/wp-content\/uploads\/2021\/12\/Secuencia-01.00_01_57_09.Imagen-fija042-1024x576.png\" alt=\"\" data-id=\"239\" data-full-url=\"https:\/\/afrourramba.org\/\/wp-content\/uploads\/2021\/12\/Secuencia-01.00_01_57_09.Imagen-fija042.png\" data-link=\"https:\/\/afrourramba.org\/\/secuencia-01-00_01_57_09-imagen-fija042\/\" class=\"wp-image-239\" srcset=\"https:\/\/afrourramba.org\/wp-content\/uploads\/2021\/12\/Secuencia-01.00_01_57_09.Imagen-fija042-1024x576.png 1024w, https:\/\/afrourramba.org\/wp-content\/uploads\/2021\/12\/Secuencia-01.00_01_57_09.Imagen-fija042-300x169.png 300w, https:\/\/afrourramba.org\/wp-content\/uploads\/2021\/12\/Secuencia-01.00_01_57_09.Imagen-fija042-768x432.png 768w, https:\/\/afrourramba.org\/wp-content\/uploads\/2021\/12\/Secuencia-01.00_01_57_09.Imagen-fija042-1536x864.png 1536w, https:\/\/afrourramba.org\/wp-content\/uploads\/2021\/12\/Secuencia-01.00_01_57_09.Imagen-fija042.png 1977w\" sizes=\"(max-width: 1024px) 100vw, 1024px\" \/><\/figure><\/li><li class=\"blocks-gallery-item\"><figure><img decoding=\"async\" width=\"1024\" height=\"576\" src=\"https:\/\/afrourramba.org\/\/wp-content\/uploads\/2021\/12\/Secuencia-01.00_00_08_09.Imagen-fija007-1024x576.png\" alt=\"\" data-id=\"204\" data-full-url=\"https:\/\/afrourramba.org\/\/wp-content\/uploads\/2021\/12\/Secuencia-01.00_00_08_09.Imagen-fija007.png\" data-link=\"https:\/\/afrourramba.org\/\/secuencia-01-00_00_08_09-imagen-fija007\/\" class=\"wp-image-204\" srcset=\"https:\/\/afrourramba.org\/wp-content\/uploads\/2021\/12\/Secuencia-01.00_00_08_09.Imagen-fija007-1024x576.png 1024w, https:\/\/afrourramba.org\/wp-content\/uploads\/2021\/12\/Secuencia-01.00_00_08_09.Imagen-fija007-300x169.png 300w, https:\/\/afrourramba.org\/wp-content\/uploads\/2021\/12\/Secuencia-01.00_00_08_09.Imagen-fija007-768x432.png 768w, https:\/\/afrourramba.org\/wp-content\/uploads\/2021\/12\/Secuencia-01.00_00_08_09.Imagen-fija007-1536x864.png 1536w, https:\/\/afrourramba.org\/wp-content\/uploads\/2021\/12\/Secuencia-01.00_00_08_09.Imagen-fija007.png 1977w\" sizes=\"(max-width: 1024px) 100vw, 1024px\" \/><\/figure><\/li><li class=\"blocks-gallery-item\"><figure><img decoding=\"async\" width=\"1024\" height=\"576\" src=\"https:\/\/afrourramba.org\/\/wp-content\/uploads\/2021\/12\/IMG_8727-1024x576.png\" alt=\"\" data-id=\"197\" data-full-url=\"https:\/\/afrourramba.org\/\/wp-content\/uploads\/2021\/12\/IMG_8727.png\" data-link=\"https:\/\/afrourramba.org\/\/img_8727\/\" class=\"wp-image-197\" srcset=\"https:\/\/afrourramba.org\/wp-content\/uploads\/2021\/12\/IMG_8727-1024x576.png 1024w, https:\/\/afrourramba.org\/wp-content\/uploads\/2021\/12\/IMG_8727-300x169.png 300w, https:\/\/afrourramba.org\/wp-content\/uploads\/2021\/12\/IMG_8727-768x432.png 768w, https:\/\/afrourramba.org\/wp-content\/uploads\/2021\/12\/IMG_8727-1536x864.png 1536w, https:\/\/afrourramba.org\/wp-content\/uploads\/2021\/12\/IMG_8727.png 1977w\" sizes=\"(max-width: 1024px) 100vw, 1024px\" \/><\/figure><\/li><li class=\"blocks-gallery-item\"><figure><img loading=\"lazy\" decoding=\"async\" width=\"1024\" height=\"576\" src=\"https:\/\/afrourramba.org\/\/wp-content\/uploads\/2021\/12\/IMG_8726-1024x576.png\" alt=\"\" data-id=\"196\" data-full-url=\"https:\/\/afrourramba.org\/\/wp-content\/uploads\/2021\/12\/IMG_8726.png\" data-link=\"https:\/\/afrourramba.org\/\/img_8726\/\" class=\"wp-image-196\" srcset=\"https:\/\/afrourramba.org\/wp-content\/uploads\/2021\/12\/IMG_8726-1024x576.png 1024w, https:\/\/afrourramba.org\/wp-content\/uploads\/2021\/12\/IMG_8726-300x169.png 300w, https:\/\/afrourramba.org\/wp-content\/uploads\/2021\/12\/IMG_8726-768x432.png 768w, https:\/\/afrourramba.org\/wp-content\/uploads\/2021\/12\/IMG_8726-1536x864.png 1536w, https:\/\/afrourramba.org\/wp-content\/uploads\/2021\/12\/IMG_8726.png 1977w\" sizes=\"(max-width: 1024px) 100vw, 1024px\" \/><\/figure><\/li><li class=\"blocks-gallery-item\"><figure><img loading=\"lazy\" decoding=\"async\" width=\"1024\" height=\"576\" src=\"https:\/\/afrourramba.org\/\/wp-content\/uploads\/2021\/12\/Secuencia-01.00_00_26_18.Imagen-fija016-1024x576.png\" alt=\"\" data-id=\"213\" data-full-url=\"https:\/\/afrourramba.org\/\/wp-content\/uploads\/2021\/12\/Secuencia-01.00_00_26_18.Imagen-fija016.png\" data-link=\"https:\/\/afrourramba.org\/\/secuencia-01-00_00_26_18-imagen-fija016\/\" class=\"wp-image-213\" srcset=\"https:\/\/afrourramba.org\/wp-content\/uploads\/2021\/12\/Secuencia-01.00_00_26_18.Imagen-fija016-1024x576.png 1024w, https:\/\/afrourramba.org\/wp-content\/uploads\/2021\/12\/Secuencia-01.00_00_26_18.Imagen-fija016-300x169.png 300w, https:\/\/afrourramba.org\/wp-content\/uploads\/2021\/12\/Secuencia-01.00_00_26_18.Imagen-fija016-768x432.png 768w, https:\/\/afrourramba.org\/wp-content\/uploads\/2021\/12\/Secuencia-01.00_00_26_18.Imagen-fija016-1536x864.png 1536w, https:\/\/afrourramba.org\/wp-content\/uploads\/2021\/12\/Secuencia-01.00_00_26_18.Imagen-fija016.png 1977w\" sizes=\"(max-width: 1024px) 100vw, 1024px\" \/><\/figure><\/li><li class=\"blocks-gallery-item\"><figure><img loading=\"lazy\" decoding=\"async\" width=\"1024\" height=\"576\" src=\"https:\/\/afrourramba.org\/\/wp-content\/uploads\/2021\/12\/Secuencia-01.00_00_04_10.Imagen-fija004-1024x576.png\" alt=\"\" data-id=\"201\" data-full-url=\"https:\/\/afrourramba.org\/\/wp-content\/uploads\/2021\/12\/Secuencia-01.00_00_04_10.Imagen-fija004.png\" data-link=\"https:\/\/afrourramba.org\/\/secuencia-01-00_00_04_10-imagen-fija004\/\" class=\"wp-image-201\" srcset=\"https:\/\/afrourramba.org\/wp-content\/uploads\/2021\/12\/Secuencia-01.00_00_04_10.Imagen-fija004-1024x576.png 1024w, https:\/\/afrourramba.org\/wp-content\/uploads\/2021\/12\/Secuencia-01.00_00_04_10.Imagen-fija004-300x169.png 300w, https:\/\/afrourramba.org\/wp-content\/uploads\/2021\/12\/Secuencia-01.00_00_04_10.Imagen-fija004-768x432.png 768w, https:\/\/afrourramba.org\/wp-content\/uploads\/2021\/12\/Secuencia-01.00_00_04_10.Imagen-fija004-1536x864.png 1536w, https:\/\/afrourramba.org\/wp-content\/uploads\/2021\/12\/Secuencia-01.00_00_04_10.Imagen-fija004.png 1977w\" sizes=\"(max-width: 1024px) 100vw, 1024px\" \/><\/figure><\/li><li class=\"blocks-gallery-item\"><figure><img loading=\"lazy\" decoding=\"async\" width=\"1024\" height=\"576\" src=\"https:\/\/afrourramba.org\/\/wp-content\/uploads\/2021\/12\/IMG_8681-1024x576.png\" alt=\"\" data-id=\"181\" data-full-url=\"https:\/\/afrourramba.org\/\/wp-content\/uploads\/2021\/12\/IMG_8681.png\" data-link=\"https:\/\/afrourramba.org\/\/img_8681\/\" class=\"wp-image-181\" srcset=\"https:\/\/afrourramba.org\/wp-content\/uploads\/2021\/12\/IMG_8681-1024x576.png 1024w, https:\/\/afrourramba.org\/wp-content\/uploads\/2021\/12\/IMG_8681-300x169.png 300w, https:\/\/afrourramba.org\/wp-content\/uploads\/2021\/12\/IMG_8681-768x432.png 768w, https:\/\/afrourramba.org\/wp-content\/uploads\/2021\/12\/IMG_8681-1536x864.png 1536w, https:\/\/afrourramba.org\/wp-content\/uploads\/2021\/12\/IMG_8681.png 1977w\" sizes=\"(max-width: 1024px) 100vw, 1024px\" \/><\/figure><\/li><li class=\"blocks-gallery-item\"><figure><img loading=\"lazy\" decoding=\"async\" width=\"1024\" height=\"576\" src=\"https:\/\/afrourramba.org\/\/wp-content\/uploads\/2021\/12\/IMG_8660-1024x576.png\" alt=\"\" data-id=\"179\" data-full-url=\"https:\/\/afrourramba.org\/\/wp-content\/uploads\/2021\/12\/IMG_8660.png\" data-link=\"https:\/\/afrourramba.org\/\/img_8660\/\" class=\"wp-image-179\" srcset=\"https:\/\/afrourramba.org\/wp-content\/uploads\/2021\/12\/IMG_8660-1024x576.png 1024w, https:\/\/afrourramba.org\/wp-content\/uploads\/2021\/12\/IMG_8660-300x169.png 300w, https:\/\/afrourramba.org\/wp-content\/uploads\/2021\/12\/IMG_8660-768x432.png 768w, https:\/\/afrourramba.org\/wp-content\/uploads\/2021\/12\/IMG_8660-1536x864.png 1536w, https:\/\/afrourramba.org\/wp-content\/uploads\/2021\/12\/IMG_8660.png 1977w\" sizes=\"(max-width: 1024px) 100vw, 1024px\" \/><\/figure><\/li><li class=\"blocks-gallery-item\"><figure><img loading=\"lazy\" decoding=\"async\" width=\"1024\" height=\"576\" src=\"https:\/\/afrourramba.org\/\/wp-content\/uploads\/2021\/12\/IMG_8705-1024x576.png\" alt=\"\" data-id=\"189\" data-full-url=\"https:\/\/afrourramba.org\/\/wp-content\/uploads\/2021\/12\/IMG_8705.png\" data-link=\"https:\/\/afrourramba.org\/\/img_8705\/\" class=\"wp-image-189\" srcset=\"https:\/\/afrourramba.org\/wp-content\/uploads\/2021\/12\/IMG_8705-1024x576.png 1024w, https:\/\/afrourramba.org\/wp-content\/uploads\/2021\/12\/IMG_8705-300x169.png 300w, https:\/\/afrourramba.org\/wp-content\/uploads\/2021\/12\/IMG_8705-768x432.png 768w, https:\/\/afrourramba.org\/wp-content\/uploads\/2021\/12\/IMG_8705-1536x864.png 1536w, https:\/\/afrourramba.org\/wp-content\/uploads\/2021\/12\/IMG_8705.png 1977w\" sizes=\"(max-width: 1024px) 100vw, 1024px\" \/><\/figure><\/li><li class=\"blocks-gallery-item\"><figure><img loading=\"lazy\" decoding=\"async\" width=\"1024\" height=\"576\" src=\"https:\/\/afrourramba.org\/\/wp-content\/uploads\/2021\/12\/IMG_8721-1024x576.png\" alt=\"\" data-id=\"194\" data-full-url=\"https:\/\/afrourramba.org\/\/wp-content\/uploads\/2021\/12\/IMG_8721.png\" data-link=\"https:\/\/afrourramba.org\/\/img_8721\/\" class=\"wp-image-194\" srcset=\"https:\/\/afrourramba.org\/wp-content\/uploads\/2021\/12\/IMG_8721-1024x576.png 1024w, https:\/\/afrourramba.org\/wp-content\/uploads\/2021\/12\/IMG_8721-300x169.png 300w, https:\/\/afrourramba.org\/wp-content\/uploads\/2021\/12\/IMG_8721-768x432.png 768w, https:\/\/afrourramba.org\/wp-content\/uploads\/2021\/12\/IMG_8721-1536x864.png 1536w, https:\/\/afrourramba.org\/wp-content\/uploads\/2021\/12\/IMG_8721.png 1977w\" sizes=\"(max-width: 1024px) 100vw, 1024px\" \/><\/figure><\/li><li class=\"blocks-gallery-item\"><figure><img loading=\"lazy\" decoding=\"async\" width=\"1024\" height=\"576\" src=\"https:\/\/afrourramba.org\/\/wp-content\/uploads\/2021\/12\/Secuencia-01.00_00_54_06.Imagen-fija026-1024x576.png\" alt=\"\" data-id=\"223\" data-full-url=\"https:\/\/afrourramba.org\/\/wp-content\/uploads\/2021\/12\/Secuencia-01.00_00_54_06.Imagen-fija026.png\" data-link=\"https:\/\/afrourramba.org\/\/secuencia-01-00_00_54_06-imagen-fija026\/\" class=\"wp-image-223\" srcset=\"https:\/\/afrourramba.org\/wp-content\/uploads\/2021\/12\/Secuencia-01.00_00_54_06.Imagen-fija026-1024x576.png 1024w, https:\/\/afrourramba.org\/wp-content\/uploads\/2021\/12\/Secuencia-01.00_00_54_06.Imagen-fija026-300x169.png 300w, https:\/\/afrourramba.org\/wp-content\/uploads\/2021\/12\/Secuencia-01.00_00_54_06.Imagen-fija026-768x432.png 768w, https:\/\/afrourramba.org\/wp-content\/uploads\/2021\/12\/Secuencia-01.00_00_54_06.Imagen-fija026-1536x864.png 1536w, https:\/\/afrourramba.org\/wp-content\/uploads\/2021\/12\/Secuencia-01.00_00_54_06.Imagen-fija026.png 1977w\" sizes=\"(max-width: 1024px) 100vw, 1024px\" \/><\/figure><\/li><li class=\"blocks-gallery-item\"><figure><img loading=\"lazy\" decoding=\"async\" width=\"1024\" height=\"576\" src=\"https:\/\/afrourramba.org\/\/wp-content\/uploads\/2021\/12\/Secuencia-01.00_00_47_07.Imagen-fija022-1024x576.png\" alt=\"\" data-id=\"219\" data-full-url=\"https:\/\/afrourramba.org\/\/wp-content\/uploads\/2021\/12\/Secuencia-01.00_00_47_07.Imagen-fija022.png\" data-link=\"https:\/\/afrourramba.org\/\/secuencia-01-00_00_47_07-imagen-fija022\/\" class=\"wp-image-219\" srcset=\"https:\/\/afrourramba.org\/wp-content\/uploads\/2021\/12\/Secuencia-01.00_00_47_07.Imagen-fija022-1024x576.png 1024w, https:\/\/afrourramba.org\/wp-content\/uploads\/2021\/12\/Secuencia-01.00_00_47_07.Imagen-fija022-300x169.png 300w, https:\/\/afrourramba.org\/wp-content\/uploads\/2021\/12\/Secuencia-01.00_00_47_07.Imagen-fija022-768x432.png 768w, https:\/\/afrourramba.org\/wp-content\/uploads\/2021\/12\/Secuencia-01.00_00_47_07.Imagen-fija022-1536x864.png 1536w, https:\/\/afrourramba.org\/wp-content\/uploads\/2021\/12\/Secuencia-01.00_00_47_07.Imagen-fija022.png 1977w\" sizes=\"(max-width: 1024px) 100vw, 1024px\" \/><\/figure><\/li><li class=\"blocks-gallery-item\"><figure><img loading=\"lazy\" decoding=\"async\" width=\"1024\" height=\"576\" src=\"https:\/\/afrourramba.org\/\/wp-content\/uploads\/2021\/12\/Secuencia-01.00_00_23_06.Imagen-fija014-1024x576.png\" alt=\"\" data-id=\"211\" data-full-url=\"https:\/\/afrourramba.org\/\/wp-content\/uploads\/2021\/12\/Secuencia-01.00_00_23_06.Imagen-fija014.png\" data-link=\"https:\/\/afrourramba.org\/\/secuencia-01-00_00_23_06-imagen-fija014\/\" class=\"wp-image-211\" srcset=\"https:\/\/afrourramba.org\/wp-content\/uploads\/2021\/12\/Secuencia-01.00_00_23_06.Imagen-fija014-1024x576.png 1024w, https:\/\/afrourramba.org\/wp-content\/uploads\/2021\/12\/Secuencia-01.00_00_23_06.Imagen-fija014-300x169.png 300w, https:\/\/afrourramba.org\/wp-content\/uploads\/2021\/12\/Secuencia-01.00_00_23_06.Imagen-fija014-768x432.png 768w, https:\/\/afrourramba.org\/wp-content\/uploads\/2021\/12\/Secuencia-01.00_00_23_06.Imagen-fija014-1536x864.png 1536w, https:\/\/afrourramba.org\/wp-content\/uploads\/2021\/12\/Secuencia-01.00_00_23_06.Imagen-fija014.png 1977w\" sizes=\"(max-width: 1024px) 100vw, 1024px\" \/><\/figure><\/li><\/ul><\/figure>\n<\/div>\n<\/div>\n<\/div><\/div><\/div>\n","protected":false},"excerpt":{"rendered":"<p>Todos los recursos que llegan AFROURRAMBA se destinan a la ejecuci\u00f3n de proyectos para fortalecer a la comunidad Afro, a trav\u00e9s de los consejos comunitarios, organizaciones bases y agremiaciones que apoyan a la poblaci\u00f3n negra, raizal y palenquera. <\/p>\n","protected":false},"author":1,"featured_media":190,"parent":0,"menu_order":0,"comment_status":"closed","ping_status":"closed","template":"","meta":{"footnotes":""},"class_list":["post-353","page","type-page","status-publish","has-post-thumbnail","hentry"],"rise-blocks_excerpt":"Todos los recursos que llegan AFROURRAMBA se destinan a la ejecuci\u00f3n de proyectos para fortalecer a la comunidad Afro, a trav\u00e9s de los consejos comunitarios, organizaciones bases y agremiaciones que apoyan a la poblaci\u00f3n negra, raizal y palenquera. \n","_links":{"self":[{"href":"https:\/\/afrourramba.org\/index.php\/wp-json\/wp\/v2\/pages\/353","targetHints":{"allow":["GET"]}}],"collection":[{"href":"https:\/\/afrourramba.org\/index.php\/wp-json\/wp\/v2\/pages"}],"about":[{"href":"https:\/\/afrourramba.org\/index.php\/wp-json\/wp\/v2\/types\/page"}],"author":[{"embeddable":true,"href":"https:\/\/afrourramba.org\/index.php\/wp-json\/wp\/v2\/users\/1"}],"replies":[{"embeddable":true,"href":"https:\/\/afrourramba.org\/index.php\/wp-json\/wp\/v2\/comments?post=353"}],"version-history":[{"count":1,"href":"https:\/\/afrourramba.org\/index.php\/wp-json\/wp\/v2\/pages\/353\/revisions"}],"predecessor-version":[{"id":354,"href":"https:\/\/afrourramba.org\/index.php\/wp-json\/wp\/v2\/pages\/353\/revisions\/354"}],"wp:featuredmedia":[{"embeddable":true,"href":"https:\/\/afrourramba.org\/index.php\/wp-json\/wp\/v2\/media\/190"}],"wp:attachment":[{"href":"https:\/\/afrourramba.org\/index.php\/wp-json\/wp\/v2\/media?parent=353"}],"curies":[{"name":"wp","href":"https:\/\/api.w.org\/{rel}","templated":true}]}}