{"id":383,"date":"2022-01-16T22:10:17","date_gmt":"2022-01-16T22:10:17","guid":{"rendered":"https:\/\/afrourramba.org\/\/?page_id=383"},"modified":"2024-08-09T19:28:09","modified_gmt":"2024-08-09T19:28:09","slug":"gastronomia","status":"publish","type":"page","link":"https:\/\/afrourramba.org\/index.php\/gastronomia\/","title":{"rendered":"Cocinas Ancestrales"},"content":{"rendered":"\n<div id=\"rise-blocks-section-block-instance-0-815f16-540c-cc1-2700-c2022af01cae\" class=\"wp-block-rise-blocks-section\"><div class=\"rise-blocks-boxed rise-blocks-section-wrapper\"><div class=\"rise-blocks-section-inner\">\n<div class=\"wp-block-columns is-layout-flex wp-container-core-columns-is-layout-9d6595d7 wp-block-columns-is-layout-flex\">\n<div class=\"wp-block-column is-layout-flow wp-block-column-is-layout-flow\">\n<section id=\"rise-blocks-heading-block-instance-0-0e2b18e-5da-43e6-4a3d-f21ee807d85c\"><div class=\"rise-blocks-heading-section wp-block-rise-blocks-heading left\"><span class=\"rise-blocks-sub-title\">gASTRONOM\u00cdA<\/span><h1 class=\"rise-blocks-title\">NUESTRA GASTRONOM\u00cdA AFROCOLOMBIANA<\/h1><span class=\"rise-blocks-line\"><\/span><div class=\"rise-blocks-sub-description\">Al igual que la riqueza y variedad de su cultura, la gastronom\u00eda afrocolombiana es muy especial y cuenta con un buen despliegue de sabores y variedades para todos los gustos. Regiones como la costa atl\u00e1ntica y pacifica se caracterizan por tener lo mejor de la gastronom\u00eda producto de la herencia africana que se estableci\u00f3 en sus pueblos desde la \u00e9poca de la conquista. Desde la asociaci\u00f3n promovemos espacios para impulsar la gastronom\u00eda ancestral como estrategia pedag\u00f3gica en todas las generaciones. As\u00ed se mantiene sus ra\u00edces y costumbres ancestrales, las cuales hacen parte de su cultura y de su raz\u00f3n de ser; adem\u00e1s permite promover los conocimientos gastron\u00f3micos. <br><br>Las cocinas constituyen un elemento de sinergia sobre diversos aspectos de la vida de las comunidades: la agricultura, la dieta, los mercados tradicionales, las formas de conservar los alimentos, las tradiciones, los procedimientos desde las viejas tecnolog\u00edas hasta las innovaciones m\u00e1s recientes. As\u00ed como tambi\u00e9n las cocinas est\u00e1n al centro de procesos de intercambios culturales regionales que van conformando las identidades en el ir y venir de sus pobladores.<\/div><\/div><\/section>\n<\/div>\n\n\n\n<div class=\"wp-block-column is-layout-flow wp-block-column-is-layout-flow\"><p>[metaslider id=&#8221;394&#8243;]<\/p>\n\n\n\n<section id=\"rise-blocks-heading-block-instance-3-1cd36d-d01a-f461-08-ce0aa30660\"><div class=\"rise-blocks-heading-section wp-block-rise-blocks-heading center\"><h1 class=\"rise-blocks-title\"> Nuestros espacios mantienen las ra\u00edces y costumbres ancestrales de la gastronom\u00eda Afrocolombiana.<\/h1><span class=\"rise-blocks-line\"><\/span><\/div><\/section>\n<\/div>\n<\/div>\n<\/div><\/div><\/div>\n\n\n\n<div class=\"wp-block-cover alignwide\" style=\"min-height:217px;aspect-ratio:unset;\"><img fetchpriority=\"high\" decoding=\"async\" width=\"1977\" height=\"1112\" class=\"wp-block-cover__image-background wp-image-182\" alt=\"\" src=\"https:\/\/afrourramba.org\/\/wp-content\/uploads\/2021\/12\/IMG_8682.png\" data-object-fit=\"cover\" srcset=\"https:\/\/afrourramba.org\/wp-content\/uploads\/2021\/12\/IMG_8682.png 1977w, https:\/\/afrourramba.org\/wp-content\/uploads\/2021\/12\/IMG_8682-300x169.png 300w, https:\/\/afrourramba.org\/wp-content\/uploads\/2021\/12\/IMG_8682-1024x576.png 1024w, https:\/\/afrourramba.org\/wp-content\/uploads\/2021\/12\/IMG_8682-768x432.png 768w, https:\/\/afrourramba.org\/wp-content\/uploads\/2021\/12\/IMG_8682-1536x864.png 1536w\" sizes=\"(max-width: 1977px) 100vw, 1977px\" \/><div class=\"wp-block-cover__inner-container is-layout-flow wp-block-cover-is-layout-flow\">\n<p class=\"has-large-font-size\"><\/p>\n<\/div><\/div>\n\n\n\n<div id=\"rise-blocks-section-block-instance-2-56fa62b-afdb-1afb-6a21-141dd42baf76\" class=\"wp-block-rise-blocks-section\"><div class=\"rise-blocks-boxed rise-blocks-section-wrapper\"><div class=\"rise-blocks-section-inner\">\n<section id=\"rise-blocks-heading-block-instance-2-bb38a5-bfb3-dc56-75a0-7c714141\"><div class=\"rise-blocks-heading-section wp-block-rise-blocks-heading left\"><span class=\"rise-blocks-sub-title\">Aprende +<\/span><h1 class=\"rise-blocks-title\"><strong>Sobre nuestra gastronom\u00eda<\/strong><\/h1><span class=\"rise-blocks-line\"><\/span><div class=\"rise-blocks-sub-description\">Entre los platos t\u00edpicos afrocolombianos podemos encontrar:<br><br><strong>Pimientos del piquillo rellenos de marisco: <\/strong>es un plato exquisito compuesto de mejillones, huevo cocido, anchoas, y palitos de cangrejo.<br><br><strong>Sopa del mar<\/strong>: es una deliciosa sopa hecha con merluza, almejas y mejillones.<br><br><strong>Cocadas:<\/strong> es un delicioso manjar hecho de panela y coco.<br><br><strong>Arroz afrodisiaco:<\/strong> es un arroz con coco, calamares, camarones y langosta.<br><br>Jugo de boroj\u00f3, jugo de chontaduro y otros postres de chontaduro.<\/div><\/div><\/section>\n<\/div><\/div><\/div>\n","protected":false},"excerpt":{"rendered":"<p>Las cocinas constituyen un elemento de sinergia sobre diversos aspectos de la vida de las comunidades.<\/p>\n","protected":false},"author":1,"featured_media":226,"parent":0,"menu_order":0,"comment_status":"closed","ping_status":"closed","template":"","meta":{"footnotes":""},"class_list":["post-383","page","type-page","status-publish","has-post-thumbnail","hentry"],"rise-blocks_excerpt":"Las cocinas constituyen un elemento de sinergia sobre diversos aspectos de la vida de las comunidades.","_links":{"self":[{"href":"https:\/\/afrourramba.org\/index.php\/wp-json\/wp\/v2\/pages\/383","targetHints":{"allow":["GET"]}}],"collection":[{"href":"https:\/\/afrourramba.org\/index.php\/wp-json\/wp\/v2\/pages"}],"about":[{"href":"https:\/\/afrourramba.org\/index.php\/wp-json\/wp\/v2\/types\/page"}],"author":[{"embeddable":true,"href":"https:\/\/afrourramba.org\/index.php\/wp-json\/wp\/v2\/users\/1"}],"replies":[{"embeddable":true,"href":"https:\/\/afrourramba.org\/index.php\/wp-json\/wp\/v2\/comments?post=383"}],"version-history":[{"count":24,"href":"https:\/\/afrourramba.org\/index.php\/wp-json\/wp\/v2\/pages\/383\/revisions"}],"predecessor-version":[{"id":1018,"href":"https:\/\/afrourramba.org\/index.php\/wp-json\/wp\/v2\/pages\/383\/revisions\/1018"}],"wp:featuredmedia":[{"embeddable":true,"href":"https:\/\/afrourramba.org\/index.php\/wp-json\/wp\/v2\/media\/226"}],"wp:attachment":[{"href":"https:\/\/afrourramba.org\/index.php\/wp-json\/wp\/v2\/media?parent=383"}],"curies":[{"name":"wp","href":"https:\/\/api.w.org\/{rel}","templated":true}]}}