{"id":694,"date":"2022-02-21T03:07:15","date_gmt":"2022-02-21T03:07:15","guid":{"rendered":"https:\/\/afrourramba.org\/\/?page_id=694"},"modified":"2022-02-21T03:07:15","modified_gmt":"2022-02-21T03:07:15","slug":"juegos-autoctonos","status":"publish","type":"page","link":"https:\/\/afrourramba.org\/index.php\/juegos-autoctonos\/","title":{"rendered":"Juegos Aut\u00f3ctonos"},"content":{"rendered":"\n<div id=\"rise-blocks-section-block-instance-0-dd4aa12-5d73-de84-3cec-6a12fc46b63\" class=\"wp-block-rise-blocks-section\"><div class=\"rise-blocks-boxed rise-blocks-section-wrapper\"><div class=\"rise-blocks-section-inner\">\n<div class=\"wp-block-columns is-layout-flex wp-container-core-columns-is-layout-9d6595d7 wp-block-columns-is-layout-flex\">\n<div class=\"wp-block-column is-layout-flow wp-block-column-is-layout-flow\">\n<section id=\"rise-blocks-heading-block-instance-0-dfebdee-a574-4a2e-316a-4fd5d6e0b31\"><div class=\"rise-blocks-heading-section wp-block-rise-blocks-heading left\"><span class=\"rise-blocks-sub-title\">gASTRONOM\u00cdA<\/span><h1 class=\"rise-blocks-title\">NUESTRA FORMA DE JUGAR<\/h1><span class=\"rise-blocks-line\"><\/span><div class=\"rise-blocks-sub-description\">Nosotros como asociaci\u00f3n fortalecemos nuestra etnia a trav\u00e9s de los juegos tradicionales, la oralidad y pr\u00e1cticas culturales, para mejorar la convivencia, el trabajo en equipo teniendo como prioridad a los ni\u00f1os, ni\u00f1as y adolescentes los cuales desarrollan destrezas motrices, habilidades intelectuales y afianza su identidad cultural afrodescendiente construyendo un tejido social. <br><br>Tenemos los juegos el rey de Francia, el quimbol, el yerby, la correa escondida, el fusilao, el bate, patilla jaba, la libertad, biribiri vio, la peregrina, la cucuruaca, el palito, el compai vijao, con todos estos juegos favorece su imaginaci\u00f3n y educaci\u00f3n propia.<\/div><\/div><\/section>\n<\/div>\n\n\n\n<div class=\"wp-block-column is-layout-flow wp-block-column-is-layout-flow\"><p>[metaslider id=&#8221;696&#8243;]<\/p>\n\n\n\n<section id=\"rise-blocks-heading-block-instance-1-5d1f-bb84-fb-348b-524560b64\"><div class=\"rise-blocks-heading-section wp-block-rise-blocks-heading center\"><h1 class=\"rise-blocks-title\">El sue\u00f1o de una Colombia en paz est\u00e1 cerca<br>y todos estamos llamados a contribuir en<br>la construcci\u00f3n de este nuevo pa\u00eds que reconoce<br>su diversidad \u00e9tnica y cultural; un pa\u00eds que le<br>apuesta, a trav\u00e9s de la educaci\u00f3n, a la formaci\u00f3n<br>de ciudadanos capaces de reconocer y respetar<br>la diferencia, de encontrarse en un proyecto<br>com\u00fan: hacer de esta una naci\u00f3n pac\u00edfica, la mejor<br>educada de la regi\u00f3n y un lugar donde todos<br>tengamos las mismas oportunidades de progreso.<\/h1><span class=\"rise-blocks-line\"><\/span><\/div><\/section>\n\n\n\n<p><\/p>\n<\/div>\n<\/div>\n<\/div><\/div><\/div>\n\n\n\n<div id=\"rise-blocks-section-block-instance-1-1c67036-fef8-07b6-7fdc-bfe177c50c2\" class=\"wp-block-rise-blocks-section\"><div class=\"rise-blocks-boxed rise-blocks-section-wrapper\"><div class=\"rise-blocks-section-inner\"><\/div><\/div><\/div>\n","protected":false},"excerpt":{"rendered":"<p>Las cocinas constituyen un elemento de sinergia sobre diversos aspectos de la vida de las comunidades.<\/p>\n","protected":false},"author":1,"featured_media":226,"parent":0,"menu_order":0,"comment_status":"closed","ping_status":"closed","template":"","meta":{"footnotes":""},"class_list":["post-694","page","type-page","status-publish","has-post-thumbnail","hentry"],"rise-blocks_excerpt":"Las cocinas constituyen un elemento de sinergia sobre diversos aspectos de la vida de las comunidades.","_links":{"self":[{"href":"https:\/\/afrourramba.org\/index.php\/wp-json\/wp\/v2\/pages\/694","targetHints":{"allow":["GET"]}}],"collection":[{"href":"https:\/\/afrourramba.org\/index.php\/wp-json\/wp\/v2\/pages"}],"about":[{"href":"https:\/\/afrourramba.org\/index.php\/wp-json\/wp\/v2\/types\/page"}],"author":[{"embeddable":true,"href":"https:\/\/afrourramba.org\/index.php\/wp-json\/wp\/v2\/users\/1"}],"replies":[{"embeddable":true,"href":"https:\/\/afrourramba.org\/index.php\/wp-json\/wp\/v2\/comments?post=694"}],"version-history":[{"count":1,"href":"https:\/\/afrourramba.org\/index.php\/wp-json\/wp\/v2\/pages\/694\/revisions"}],"predecessor-version":[{"id":705,"href":"https:\/\/afrourramba.org\/index.php\/wp-json\/wp\/v2\/pages\/694\/revisions\/705"}],"wp:featuredmedia":[{"embeddable":true,"href":"https:\/\/afrourramba.org\/index.php\/wp-json\/wp\/v2\/media\/226"}],"wp:attachment":[{"href":"https:\/\/afrourramba.org\/index.php\/wp-json\/wp\/v2\/media?parent=694"}],"curies":[{"name":"wp","href":"https:\/\/api.w.org\/{rel}","templated":true}]}}